{"id":95,"date":"2023-11-08T12:36:30","date_gmt":"2023-11-08T09:36:30","guid":{"rendered":"https:\/\/erdfuarstant.com\/?page_id=95"},"modified":"2024-03-11T00:19:46","modified_gmt":"2024-03-10T21:19:46","slug":"hakkimizda","status":"publish","type":"page","link":"https:\/\/erdfuarstant.com\/index.php\/hakkimizda\/","title":{"rendered":"Hakk\u0131m\u0131zda"},"content":{"rendered":"\t\t<div data-elementor-type=\"wp-page\" data-elementor-id=\"95\" class=\"elementor elementor-95\">\n\t\t\t\t\t\t<section class=\"elementor-section elementor-top-section elementor-element elementor-element-554ba6bc elementor-section-full_width elementor-section-stretched elementor-section-height-default elementor-section-height-default\" data-id=\"554ba6bc\" data-element_type=\"section\" data-e-type=\"section\" data-settings=\"{&quot;stretch_section&quot;:&quot;section-stretched&quot;}\">\n\t\t\t\t\t\t<div class=\"elementor-container elementor-column-gap-no\">\n\t\t\t\t\t<div class=\"elementor-column elementor-col-100 elementor-top-column elementor-element elementor-element-5fe5c8ae\" data-id=\"5fe5c8ae\" data-element_type=\"column\" data-e-type=\"column\">\n\t\t\t<div class=\"elementor-widget-wrap elementor-element-populated\">\n\t\t\t\t\t\t<div class=\"elementor-element elementor-element-2e8c9b40 elementor-widget elementor-widget-sina_banner_slider\" data-id=\"2e8c9b40\" data-element_type=\"widget\" data-e-type=\"widget\" data-widget_type=\"sina_banner_slider.default\">\n\t\t\t\t<div class=\"elementor-widget-container\">\n\t\t\t\t\t\t\t<div class=\"sina-banner-slider owl-carousel\"\r\n\t\tdata-autoplay=\"yes\"\r\n\t\tdata-pause=\"yes\"\r\n\t\tdata-nav=\"yes\"\r\n\t\tdata-dots=\"yes\"\r\n\t\tdata-mouse-drag=\"yes\"\r\n\t\tdata-touch-drag=\"yes\"\r\n\t\tdata-loop=\"yes\"\r\n\t\tdata-speed=\"\"\r\n\t\tdata-part-anim=\"yes\"\r\n\t\tdata-delay=\"5000\">\r\n\r\n\t\t\t\t\t\t\t<div class=\"sina-slider-content sina-bg-cover\" style=\"background-image: url(https:\/\/erdfuarstant.com\/wp-content\/uploads\/2024\/03\/3d-rendered-black-geometric-product-podium-dark-room-background-1-1-scaled.jpg);\">\r\n\t\t\t\t\t\t\t\t\t\t\t<div class=\"sina-overlay\"><\/div>\r\n\t\t\t\t\t\r\n\t\t\t\t\t<div class=\"sina-banner-container elementor-repeater-item-dc4fb86\">\r\n\r\n\t\t\t\t\t\t\t\t\t\t\t\t\t\t\t\t\t\t\t\t<h1 class=\"sina-banner-title sina-anim-invisible\" data-animation=\"animated zoomIn\">Bu Alanda Hakk\u0131m\u0131zda Visyonumuz Ve Vizyonumuz <\/h1>\t\t\t\t\t\t\r\n\t\t\t\t\t\t\r\n\t\t\t\t\t\t\t\t\t\t\t\t\t<div class=\"sina-banner-desc sina-anim-invisible\" data-animation=\"animated fadeInUp\">Hakk\u0131nda Detayl\u0131 Bilgi Alabilirsiniz Merakk etiklerinizi sorma i\u00e7in T\u0131klay\u0131n\u0131z<\/div>\t\t\t\t\t\t\r\n\t\t\t\t\t\t\t\t\t\t\t\t\t<div class=\"sina-banner-btns sina-anim-invisible\" data-animation=\"animated fadeInUp\">\r\n\t\t\t\t\t\t\t\t\t\t\t\t\t\t\t\t\t<a class=\"sina-banner-pbtn   \"\r\n\t\t\t\t\t\t\t\t\t\t\t\t\t\t\t\t\t\thref=\"#kullanim\"\r\n\t\t\t\t\t\t\t\t\t\t\t\t\t\t\t\t\t\t>\r\n\t\t\t\t\t\t\t\t\t\t\t\tDaha Fazla Bilgi\t\t\t\t\t\t\t\t\t\t\t<\/a>\r\n\t\t\t\t\t\t\t\t\r\n\t\t\t\t\t\t\t\t\t\t\t\t\t\t\t<\/div>\r\n\t\t\t\t\t\t\t\t\t\t\t<\/div>\r\n\t\t\t\t<\/div>\r\n\t\t\t\t\t<\/div><!-- .sina-banner-slider -->\r\n\t\t\t\t\t\t<\/div>\n\t\t\t\t<\/div>\n\t\t\t\t\t<\/div>\n\t\t<\/div>\n\t\t\t\t\t<\/div>\n\t\t<\/section>\n\t\t\t\t<section class=\"elementor-section elementor-top-section elementor-element elementor-element-11574ec5 elementor-section-stretched elementor-section-full_width elementor-section-height-default elementor-section-height-default\" data-id=\"11574ec5\" data-element_type=\"section\" data-e-type=\"section\" data-settings=\"{&quot;background_background&quot;:&quot;classic&quot;,&quot;shape_divider_top&quot;:&quot;waves&quot;,&quot;shape_divider_top_negative&quot;:&quot;yes&quot;,&quot;shape_divider_bottom&quot;:&quot;waves&quot;,&quot;shape_divider_bottom_negative&quot;:&quot;yes&quot;,&quot;stretch_section&quot;:&quot;section-stretched&quot;}\">\n\t\t\t\t\t<div class=\"elementor-shape elementor-shape-top\" aria-hidden=\"true\" data-negative=\"true\">\n\t\t\t<svg xmlns=\"http:\/\/www.w3.org\/2000\/svg\" viewBox=\"0 0 1000 100\" preserveAspectRatio=\"none\">\n\t<path class=\"elementor-shape-fill\" d=\"M790.5,93.1c-59.3-5.3-116.8-18-192.6-50c-29.6-12.7-76.9-31-100.5-35.9c-23.6-4.9-52.6-7.8-75.5-5.3\n\tc-10.2,1.1-22.6,1.4-50.1,7.4c-27.2,6.3-58.2,16.6-79.4,24.7c-41.3,15.9-94.9,21.9-134,22.6C72,58.2,0,25.8,0,25.8V100h1000V65.3\n\tc0,0-51.5,19.4-106.2,25.7C839.5,97,814.1,95.2,790.5,93.1z\"\/>\n<\/svg>\t\t<\/div>\n\t\t\t\t<div class=\"elementor-shape elementor-shape-bottom\" aria-hidden=\"true\" data-negative=\"true\">\n\t\t\t<svg xmlns=\"http:\/\/www.w3.org\/2000\/svg\" viewBox=\"0 0 1000 100\" preserveAspectRatio=\"none\">\n\t<path class=\"elementor-shape-fill\" d=\"M790.5,93.1c-59.3-5.3-116.8-18-192.6-50c-29.6-12.7-76.9-31-100.5-35.9c-23.6-4.9-52.6-7.8-75.5-5.3\n\tc-10.2,1.1-22.6,1.4-50.1,7.4c-27.2,6.3-58.2,16.6-79.4,24.7c-41.3,15.9-94.9,21.9-134,22.6C72,58.2,0,25.8,0,25.8V100h1000V65.3\n\tc0,0-51.5,19.4-106.2,25.7C839.5,97,814.1,95.2,790.5,93.1z\"\/>\n<\/svg>\t\t<\/div>\n\t\t\t\t\t<div class=\"elementor-container elementor-column-gap-no\">\n\t\t\t\t\t<div class=\"elementor-column elementor-col-100 elementor-top-column elementor-element elementor-element-284aac9e\" data-id=\"284aac9e\" data-element_type=\"column\" data-e-type=\"column\">\n\t\t\t<div class=\"elementor-widget-wrap elementor-element-populated\">\n\t\t\t\t\t\t<div class=\"elementor-element elementor-element-4270b687 animated-slow elementor-invisible elementor-widget elementor-widget-heading\" data-id=\"4270b687\" data-element_type=\"widget\" data-e-type=\"widget\" data-settings=\"{&quot;_animation&quot;:&quot;fadeInUp&quot;}\" data-widget_type=\"heading.default\">\n\t\t\t\t<div class=\"elementor-widget-container\">\n\t\t\t\t\t<h2 class=\"elementor-heading-title elementor-size-default\">Hakk\u0131m\u0131zda<\/h2>\t\t\t\t<\/div>\n\t\t\t\t<\/div>\n\t\t\t\t<section class=\"elementor-section elementor-inner-section elementor-element elementor-element-65f2cb13 elementor-section-content-middle elementor-section-full_width elementor-section-height-default elementor-section-height-default\" data-id=\"65f2cb13\" data-element_type=\"section\" data-e-type=\"section\" data-settings=\"{&quot;background_background&quot;:&quot;classic&quot;}\">\n\t\t\t\t\t\t<div class=\"elementor-container elementor-column-gap-default\">\n\t\t\t\t\t<div class=\"elementor-column elementor-col-100 elementor-inner-column elementor-element elementor-element-1151222c\" data-id=\"1151222c\" data-element_type=\"column\" data-e-type=\"column\">\n\t\t\t<div class=\"elementor-widget-wrap elementor-element-populated\">\n\t\t\t\t\t\t<div class=\"elementor-element elementor-element-1402e84 elementor-widget elementor-widget-text-editor\" data-id=\"1402e84\" data-element_type=\"widget\" data-e-type=\"widget\" data-widget_type=\"text-editor.default\">\n\t\t\t\t<div class=\"elementor-widget-container\">\n\t\t\t\t\t\t\t\t\t<p>\u00a0<\/p><p>Erd Fuar Stand, fuar d\u00fcnyas\u0131nda estetik, inovasyon ve m\u00fc\u015fteri memnuniyetini bir araya getiren bir markad\u0131r. Deneyimli ve uzman ekibimizle fuar stand tasar\u0131m\u0131 ve y\u00f6netiminde lider konumday\u0131z. Ge\u00e7mi\u015fte elde etti\u011fimiz ba\u015far\u0131lar ve g\u00fc\u00e7l\u00fc referanslar\u0131m\u0131z, m\u00fc\u015fterilerimize g\u00fcvenilir ve profesyonel bir hizmet sunma konusundaki kararl\u0131l\u0131\u011f\u0131m\u0131z\u0131 desteklemektedir.<\/p><p><strong>Vizyonumuz:<\/strong><\/p><p>Erd Fuar Stand olarak vizyonumuz, fuarlarda marka kimli\u011finizi en iyi \u015fekilde yans\u0131tan, estetik a\u00e7\u0131dan \u00e7arp\u0131c\u0131 ve teknoloji ile entegre standlar tasarlayarak m\u00fc\u015fterilerimizi \u00f6ne \u00e7\u0131karmakt\u0131r. Sekt\u00f6rdeki yenilikleri takip ederek, m\u00fc\u015fterilerimize sadece bir stand de\u011fil, unutulmaz bir deneyim sunmay\u0131 hedefliyoruz.<\/p><p><strong>Misyonumuz:<\/strong><\/p><p>Misyonumuz, m\u00fc\u015fterilerimizin ihtiya\u00e7lar\u0131n\u0131 anlamak ve onlara \u00f6zel \u00e7\u00f6z\u00fcmler sunarak fuar kat\u0131l\u0131mlar\u0131n\u0131 en verimli hale getirmektir. M\u00fc\u015fteri memnuniyetini odak noktam\u0131z olarak benimseyerek, her a\u015famada \u015feffaf ileti\u015fim ve kaliteli hizmet sunarak uzun vadeli i\u015f ili\u015fkileri kurmay\u0131 ama\u00e7l\u0131yoruz.<\/p><p><strong>Neden Biz:<\/strong><\/p><p>Erd Fuar Stand&#8217;\u0131n tercih edilme nedeni, sadece stand tasar\u0131m\u0131 yapmaktan \u00f6te, m\u00fc\u015fterilerinin fuar s\u00fcre\u00e7lerini ba\u015far\u0131yla y\u00f6netmesine yard\u0131mc\u0131 olmam\u0131zd\u0131r. \u0130novatif yakla\u015f\u0131mlar\u0131m\u0131z, g\u00fc\u00e7l\u00fc referanslar\u0131m\u0131z ve m\u00fc\u015fteri memnuniyetine verdi\u011fimiz \u00f6nem ile her fuar kat\u0131l\u0131m\u0131n\u0131z\u0131 bir ba\u015far\u0131ya d\u00f6n\u00fc\u015ft\u00fcrmenize yard\u0131mc\u0131 oluyoruz.<\/p>\t\t\t\t\t\t\t\t<\/div>\n\t\t\t\t<\/div>\n\t\t\t\t\t<\/div>\n\t\t<\/div>\n\t\t\t\t\t<\/div>\n\t\t<\/section>\n\t\t\t\t\t<\/div>\n\t\t<\/div>\n\t\t\t\t\t<\/div>\n\t\t<\/section>\n\t\t\t\t<\/div>\n\t\t","protected":false},"excerpt":{"rendered":"<p>Bu Alanda Hakk\u0131m\u0131zda Visyonumuz Ve Vizyonumuz Hakk\u0131nda Detayl\u0131 Bilgi Alabilirsiniz Merakk etiklerinizi sorma i\u00e7in T\u0131klay\u0131n\u0131z Daha Fazla Bilgi Hakk\u0131m\u0131zda \u00a0 Erd Fuar Stand, fuar d\u00fcnyas\u0131nda estetik, inovasyon ve m\u00fc\u015fteri memnuniyetini bir araya getiren bir markad\u0131r. Deneyimli ve uzman ekibimizle fuar stand tasar\u0131m\u0131 ve y\u00f6netiminde lider konumday\u0131z. Ge\u00e7mi\u015fte elde etti\u011fimiz ba\u015far\u0131lar ve g\u00fc\u00e7l\u00fc referanslar\u0131m\u0131z, m\u00fc\u015fterilerimize g\u00fcvenilir&#8230;<\/p>\n","protected":false},"author":1,"featured_media":0,"parent":0,"menu_order":0,"comment_status":"closed","ping_status":"open","template":"","meta":{"_kadence_starter_templates_imported_post":false,"_kad_post_transparent":"","_kad_post_title":"hide","_kad_post_layout":"fullwidth","_kad_post_sidebar_id":"","_kad_post_content_style":"unboxed","_kad_post_vertical_padding":"hide","_kad_post_feature":"hide","_kad_post_feature_position":"","_kad_post_header":false,"_kad_post_footer":false,"_kad_post_classname":"","footnotes":""},"class_list":["post-95","page","type-page","status-publish","hentry"],"_links":{"self":[{"href":"https:\/\/erdfuarstant.com\/index.php\/wp-json\/wp\/v2\/pages\/95","targetHints":{"allow":["GET"]}}],"collection":[{"href":"https:\/\/erdfuarstant.com\/index.php\/wp-json\/wp\/v2\/pages"}],"about":[{"href":"https:\/\/erdfuarstant.com\/index.php\/wp-json\/wp\/v2\/types\/page"}],"author":[{"embeddable":true,"href":"https:\/\/erdfuarstant.com\/index.php\/wp-json\/wp\/v2\/users\/1"}],"replies":[{"embeddable":true,"href":"https:\/\/erdfuarstant.com\/index.php\/wp-json\/wp\/v2\/comments?post=95"}],"version-history":[{"count":22,"href":"https:\/\/erdfuarstant.com\/index.php\/wp-json\/wp\/v2\/pages\/95\/revisions"}],"predecessor-version":[{"id":328,"href":"https:\/\/erdfuarstant.com\/index.php\/wp-json\/wp\/v2\/pages\/95\/revisions\/328"}],"wp:attachment":[{"href":"https:\/\/erdfuarstant.com\/index.php\/wp-json\/wp\/v2\/media?parent=95"}],"curies":[{"name":"wp","href":"https:\/\/api.w.org\/{rel}","templated":true}]}}